{"id":486,"date":"2025-06-09T16:49:57","date_gmt":"2025-06-09T14:49:57","guid":{"rendered":"https:\/\/breizhbeachtennis.com\/?page_id=486"},"modified":"2025-07-05T23:59:14","modified_gmt":"2025-07-05T21:59:14","slug":"edition-2024","status":"publish","type":"page","link":"https:\/\/breizhbeachtennis.com\/index.php\/edition-2024\/","title":{"rendered":"Edition 2024"},"content":{"rendered":"\n<figure class=\"wp-block-image aligncenter size-full\"><img loading=\"lazy\" decoding=\"async\" width=\"1754\" height=\"2480\" src=\"https:\/\/breizhbeachtennis.com\/wp-content\/uploads\/2024\/07\/FFT_2024_SBTT_AfficheDinard.jpg\" alt=\"\" class=\"wp-image-376\" srcset=\"https:\/\/breizhbeachtennis.com\/wp-content\/uploads\/2024\/07\/FFT_2024_SBTT_AfficheDinard.jpg 1754w, https:\/\/breizhbeachtennis.com\/wp-content\/uploads\/2024\/07\/FFT_2024_SBTT_AfficheDinard-212x300.jpg 212w, https:\/\/breizhbeachtennis.com\/wp-content\/uploads\/2024\/07\/FFT_2024_SBTT_AfficheDinard-724x1024.jpg 724w, https:\/\/breizhbeachtennis.com\/wp-content\/uploads\/2024\/07\/FFT_2024_SBTT_AfficheDinard-768x1086.jpg 768w, https:\/\/breizhbeachtennis.com\/wp-content\/uploads\/2024\/07\/FFT_2024_SBTT_AfficheDinard-1086x1536.jpg 1086w, https:\/\/breizhbeachtennis.com\/wp-content\/uploads\/2024\/07\/FFT_2024_SBTT_AfficheDinard-1448x2048.jpg 1448w\" sizes=\"auto, (max-width: 1754px) 100vw, 1754px\" \/><\/figure>\n\n\n\n<p><\/p>\n\n\n\n<h4 class=\"wp-block-heading\"><strong>PROGRAMME PR\u00c9VISIONNEL<\/strong><\/h4>\n\n\n\n<h5 class=\"wp-block-heading has-vivid-red-color has-text-color has-link-color wp-elements-cf95ce7975010fe75b8e1219dd49478a\">Accueil des joueurs pour les formalit\u00e9s administratives<\/h5>\n\n\n\n<ul class=\"wp-block-list\">\n<li>Quand? -&gt; la veille de votre \u00e9preuve de 17h \u00e0 19h ou le jour m\u00eame de votre \u00e9preuve de 8h \u00e0 10h<\/li>\n\n\n\n<li>O\u00f9? -&gt; \u00e0 la tente accueil de la zone de comp\u00e9tition<\/li>\n<\/ul>\n\n\n\n<h5 class=\"wp-block-heading has-background-color has-text-color has-link-color wp-elements-4cf76bd5b0b5598d97106bc77edf8c33\">Mercredi 17 juillet 2024<\/h5>\n\n\n\n<ul class=\"wp-block-list\">\n<li>Montage du site de la plage de l&rsquo;Ecluse<\/li>\n<\/ul>\n\n\n\n<h5 class=\"wp-block-heading has-background-color has-text-color has-link-color wp-elements-524a1a6fb296d4c60ad0c9d3475308b3\"><strong>JEUDI 18 juillet 2024<\/strong><\/h5>\n\n\n\n<ul class=\"wp-block-list\">\n<li><mark style=\"background-color:rgba(0, 0, 0, 0);color:#ffef73\" class=\"has-inline-color\"><strong>Zone Comp\u00e9tition<\/strong><br>10H &#8211; 14H : D\u00e9couverte (ouvert \u00e0 tous, gratuit)<br>14H &#8211; 17H30 : Tournoi des vacanciers (ouvert \u00e0 tous, gratuit)<br>17h30 : Remise des prix du tournoi des vacanciers + match exhibition<br>Tirage du tableau BT 100 jeunes<\/mark><br><\/li>\n\n\n\n<li><mark style=\"background-color:rgba(0, 0, 0, 0);color:#57d3f9\" class=\"has-inline-color\"><strong>Zone Animation<\/strong><br>9H &#8211; 19H : Animations (ouvert \u00e0 tous, gratuit)<\/mark><br><\/li>\n\n\n\n<li>19H30 : Pot d&rsquo;accueil des joueurs au SUNSET BAR<\/li>\n<\/ul>\n\n\n\n<h5 class=\"wp-block-heading has-background-color has-text-color has-link-color wp-elements-a4cd0c87306b8f0ea4d1148d776cbb90\">vendredi 19 juillet 2024<\/h5>\n\n\n\n<ul class=\"wp-block-list\">\n<li><mark style=\"background-color:rgba(0, 0, 0, 0);color:#ffef73\" class=\"has-inline-color\"><strong>Zone Comp\u00e9tition<\/strong><br>8H &#8211; 18H : BT 100 jeunes (U18 et U14, gar\u00e7ons et filles)<br>8H &#8211; 18H : BT 200 mixte<br>18H : Remise des prix BT 100 jeunes et BT 200 mixte<br>Tirage des tableaux BT 2000 et BT 500<\/mark><br><\/li>\n\n\n\n<li><mark style=\"background-color:rgba(0, 0, 0, 0);color:#57d3f9\" class=\"has-inline-color\"><strong>Zone Animation<\/strong><br>8H &#8211; 19H : BT 100 mixte<br>9H &#8211; 19H : Animations (ouvert \u00e0 tous, gratuit)<\/mark><br><\/li>\n\n\n\n<li>19H30 : Pot d&rsquo;accueil des joueurs au SUNSET BAR<br><\/li>\n<\/ul>\n\n\n\n<h5 class=\"wp-block-heading has-background-color has-text-color has-link-color wp-elements-bd6b2a1b6d21fd78187d1c0111130743\"><strong>samedi 20 juillet 2024<\/strong><\/h5>\n\n\n\n<ul class=\"wp-block-list\">\n<li><mark style=\"background-color:rgba(0, 0, 0, 0);color:#ffef73\" class=\"has-inline-color\"><strong>Zone Comp\u00e9tition<\/strong><br>8H &#8211; 19H : BT 2000 messieurs et dames (1re journ\u00e9e)<br>8H &#8211; 19H : BT 500 messieurs et dames (1re journ\u00e9e)<\/mark><br><\/li>\n\n\n\n<li><mark style=\"background-color:rgba(0, 0, 0, 0);color:#57d3f9\" class=\"has-inline-color\"><strong>Zone Animation<\/strong><br>8H &#8211; 19H : BT 250 messieurs (1re journ\u00e9e)<br>9H &#8211; 19H : Animations (ouvert \u00e0 tous, gratuit)<\/mark><br><\/li>\n\n\n\n<li>20H &#8211; MINUIT : Soir\u00e9e officielle des joueurs (+ partenaires) au SUNSET BAR<\/li>\n<\/ul>\n\n\n\n<h5 class=\"wp-block-heading has-background-color has-text-color has-link-color wp-elements-574f750e4432b01247f5b401bb9d0844\">DIMANCHE 21 juillet 2024<\/h5>\n\n\n\n<ul class=\"wp-block-list\">\n<li><mark style=\"background-color:rgba(0, 0, 0, 0);color:#ffef73\" class=\"has-inline-color\"><strong>Zone Comp\u00e9tition<\/strong><br>8H &#8211; 17H30 : BT 2000 messieurs et dames (2e journ\u00e9e)<br>8H &#8211; 17h30 : BT 500 messieurs et dames (2e journ\u00e9e)<br>17h30 : Remise des prix BT 2000, BT 500 et BT 250<br><\/mark><\/li>\n\n\n\n<li><mark style=\"background-color:rgba(0, 0, 0, 0);color:#57d3f9\" class=\"has-inline-color\"><strong>Zone Animation<\/strong><br>8H &#8211; 13H : BT 250 messieurs (2e journ\u00e9e)<br>9H &#8211; 17H30 : Animations (ouvert \u00e0 tous, gratuit)<\/mark><br><\/li>\n\n\n\n<li>A partir de 18H : D\u00e9montage du site de la plage de l&rsquo;Ecluse<\/li>\n<\/ul>\n\n\n\n<h4 class=\"wp-block-heading\"><strong>ENTRY LIST<\/strong><\/h4>\n\n\n\n<h6 class=\"wp-block-heading has-text-align-center\"><strong>BT 2000 &amp; BT500 (Samedi et dimanche)<\/strong><\/h6>\n\n\n\n<div class=\"wp-block-columns alignwide is-layout-flex wp-container-core-columns-is-layout-28f84493 wp-block-columns-is-layout-flex\">\n<div class=\"wp-block-column is-layout-flow wp-block-column-is-layout-flow\">\n<figure class=\"wp-block-image size-full\"><a href=\"https:\/\/breizhbeachtennis.com\/wp-content\/uploads\/2024\/07\/SBTT_2024_Dinard_EntryList_DD.pdf\"><img loading=\"lazy\" decoding=\"async\" width=\"654\" height=\"699\" src=\"https:\/\/breizhbeachtennis.com\/wp-content\/uploads\/2024\/07\/SBTT_2024_Dinard_EntryList_DD-1.png\" alt=\"\" class=\"wp-image-468\" srcset=\"https:\/\/breizhbeachtennis.com\/wp-content\/uploads\/2024\/07\/SBTT_2024_Dinard_EntryList_DD-1.png 654w, https:\/\/breizhbeachtennis.com\/wp-content\/uploads\/2024\/07\/SBTT_2024_Dinard_EntryList_DD-1-281x300.png 281w\" sizes=\"auto, (max-width: 654px) 100vw, 654px\" \/><\/a><\/figure>\n<\/div>\n\n\n\n<div class=\"wp-block-column is-layout-flow wp-block-column-is-layout-flow\">\n<figure class=\"wp-block-image size-full\"><a href=\"https:\/\/breizhbeachtennis.com\/wp-content\/uploads\/2024\/07\/SBTT_2024_Dinard_EntryList_DM.pdf\"><img loading=\"lazy\" decoding=\"async\" width=\"596\" height=\"663\" src=\"https:\/\/breizhbeachtennis.com\/wp-content\/uploads\/2024\/07\/SBTT_2024_Dinard_EntryList_DM-1.png\" alt=\"\" class=\"wp-image-469\" srcset=\"https:\/\/breizhbeachtennis.com\/wp-content\/uploads\/2024\/07\/SBTT_2024_Dinard_EntryList_DM-1.png 596w, https:\/\/breizhbeachtennis.com\/wp-content\/uploads\/2024\/07\/SBTT_2024_Dinard_EntryList_DM-1-270x300.png 270w\" sizes=\"auto, (max-width: 596px) 100vw, 596px\" \/><\/a><\/figure>\n<\/div>\n<\/div>\n\n\n\n<h6 class=\"wp-block-heading has-text-align-center\"><strong>BT 100 Jeunes (vendredi)<\/strong><\/h6>\n\n\n\n<div class=\"wp-block-columns alignwide is-layout-flex wp-container-core-columns-is-layout-28f84493 wp-block-columns-is-layout-flex\">\n<div class=\"wp-block-column is-layout-flow wp-block-column-is-layout-flow\">\n<figure class=\"wp-block-image size-full\"><a href=\"https:\/\/breizhbeachtennis.com\/wp-content\/uploads\/2024\/07\/SBTT_2024_Dinard_EntryList_U18F.pdf\"><img loading=\"lazy\" decoding=\"async\" width=\"980\" height=\"387\" src=\"https:\/\/breizhbeachtennis.com\/wp-content\/uploads\/2024\/07\/SBTT_2024_Dinard_EntryList_U18F-1.png\" alt=\"\" class=\"wp-image-470\" srcset=\"https:\/\/breizhbeachtennis.com\/wp-content\/uploads\/2024\/07\/SBTT_2024_Dinard_EntryList_U18F-1.png 980w, https:\/\/breizhbeachtennis.com\/wp-content\/uploads\/2024\/07\/SBTT_2024_Dinard_EntryList_U18F-1-300x118.png 300w, https:\/\/breizhbeachtennis.com\/wp-content\/uploads\/2024\/07\/SBTT_2024_Dinard_EntryList_U18F-1-768x303.png 768w\" sizes=\"auto, (max-width: 980px) 100vw, 980px\" \/><\/a><\/figure>\n<\/div>\n\n\n\n<div class=\"wp-block-column is-layout-flow wp-block-column-is-layout-flow\">\n<figure class=\"wp-block-image size-full\"><a href=\"https:\/\/breizhbeachtennis.com\/wp-content\/uploads\/2024\/07\/SBTT_2024_Dinard_EntryList_U18G.pdf\"><img loading=\"lazy\" decoding=\"async\" width=\"1096\" height=\"539\" src=\"https:\/\/breizhbeachtennis.com\/wp-content\/uploads\/2024\/07\/SBTT_2024_Dinard_EntryList_U18G-1.png\" alt=\"\" class=\"wp-image-472\" srcset=\"https:\/\/breizhbeachtennis.com\/wp-content\/uploads\/2024\/07\/SBTT_2024_Dinard_EntryList_U18G-1.png 1096w, https:\/\/breizhbeachtennis.com\/wp-content\/uploads\/2024\/07\/SBTT_2024_Dinard_EntryList_U18G-1-300x148.png 300w, https:\/\/breizhbeachtennis.com\/wp-content\/uploads\/2024\/07\/SBTT_2024_Dinard_EntryList_U18G-1-1024x504.png 1024w, https:\/\/breizhbeachtennis.com\/wp-content\/uploads\/2024\/07\/SBTT_2024_Dinard_EntryList_U18G-1-768x378.png 768w\" sizes=\"auto, (max-width: 1096px) 100vw, 1096px\" \/><\/a><\/figure>\n<\/div>\n<\/div>\n\n\n\n<h6 class=\"wp-block-heading has-text-align-center\"><strong>BT 200 Mixte &amp; BT 100 Mixte (vendredi)<\/strong><\/h6>\n\n\n\n<div class=\"wp-block-columns alignwide is-layout-flex wp-container-core-columns-is-layout-28f84493 wp-block-columns-is-layout-flex\">\n<div class=\"wp-block-column is-layout-flow wp-block-column-is-layout-flow\">\n<figure class=\"wp-block-image size-large\"><a href=\"https:\/\/breizhbeachtennis.com\/wp-content\/uploads\/2024\/07\/SBTT_2024_Dinard_BT200_DX_EntryList.pdf\"><img loading=\"lazy\" decoding=\"async\" width=\"1024\" height=\"558\" src=\"https:\/\/breizhbeachtennis.com\/wp-content\/uploads\/2024\/07\/SBTT_2024_Dinard_BT200_DX_EntryList-1024x558.png\" alt=\"\" class=\"wp-image-479\" srcset=\"https:\/\/breizhbeachtennis.com\/wp-content\/uploads\/2024\/07\/SBTT_2024_Dinard_BT200_DX_EntryList-1024x558.png 1024w, https:\/\/breizhbeachtennis.com\/wp-content\/uploads\/2024\/07\/SBTT_2024_Dinard_BT200_DX_EntryList-300x164.png 300w, https:\/\/breizhbeachtennis.com\/wp-content\/uploads\/2024\/07\/SBTT_2024_Dinard_BT200_DX_EntryList-768x419.png 768w, https:\/\/breizhbeachtennis.com\/wp-content\/uploads\/2024\/07\/SBTT_2024_Dinard_BT200_DX_EntryList.png 1091w\" sizes=\"auto, (max-width: 1024px) 100vw, 1024px\" \/><\/a><\/figure>\n<\/div>\n\n\n\n<div class=\"wp-block-column is-layout-flow wp-block-column-is-layout-flow\">\n<figure class=\"wp-block-image size-large\"><a href=\"https:\/\/breizhbeachtennis.com\/wp-content\/uploads\/2024\/07\/SBTT_2024_Dinard_BT100_DM_EntryList.pdf\"><img loading=\"lazy\" decoding=\"async\" width=\"1024\" height=\"463\" src=\"https:\/\/breizhbeachtennis.com\/wp-content\/uploads\/2024\/07\/SBTT_2024_Dinard_BT100_DM_EntryList-1-1024x463.png\" alt=\"\" class=\"wp-image-453\" srcset=\"https:\/\/breizhbeachtennis.com\/wp-content\/uploads\/2024\/07\/SBTT_2024_Dinard_BT100_DM_EntryList-1-1024x463.png 1024w, https:\/\/breizhbeachtennis.com\/wp-content\/uploads\/2024\/07\/SBTT_2024_Dinard_BT100_DM_EntryList-1-300x136.png 300w, https:\/\/breizhbeachtennis.com\/wp-content\/uploads\/2024\/07\/SBTT_2024_Dinard_BT100_DM_EntryList-1-768x348.png 768w, https:\/\/breizhbeachtennis.com\/wp-content\/uploads\/2024\/07\/SBTT_2024_Dinard_BT100_DM_EntryList-1.png 1107w\" sizes=\"auto, (max-width: 1024px) 100vw, 1024px\" \/><\/a><\/figure>\n<\/div>\n<\/div>\n\n\n\n<h6 class=\"wp-block-heading has-text-align-center\"><strong>BT 250 double seniors messieurs<\/strong><br><strong>(samedi &amp; dimanche)<\/strong><\/h6>\n\n\n\n<figure class=\"wp-block-image size-large\"><a href=\"https:\/\/breizhbeachtennis.com\/wp-content\/uploads\/2024\/07\/SBTT_2024_Dinard_BT250_DM_EntryList.pdf\"><img loading=\"lazy\" decoding=\"async\" width=\"1024\" height=\"464\" src=\"https:\/\/breizhbeachtennis.com\/wp-content\/uploads\/2024\/07\/SBTT_2024_Dinard_BT250_DM_EntryList-1024x464.png\" alt=\"\" class=\"wp-image-480\" srcset=\"https:\/\/breizhbeachtennis.com\/wp-content\/uploads\/2024\/07\/SBTT_2024_Dinard_BT250_DM_EntryList-1024x464.png 1024w, https:\/\/breizhbeachtennis.com\/wp-content\/uploads\/2024\/07\/SBTT_2024_Dinard_BT250_DM_EntryList-300x136.png 300w, https:\/\/breizhbeachtennis.com\/wp-content\/uploads\/2024\/07\/SBTT_2024_Dinard_BT250_DM_EntryList-768x348.png 768w, https:\/\/breizhbeachtennis.com\/wp-content\/uploads\/2024\/07\/SBTT_2024_Dinard_BT250_DM_EntryList.png 1100w\" sizes=\"auto, (max-width: 1024px) 100vw, 1024px\" \/><\/a><\/figure>\n","protected":false},"excerpt":{"rendered":"<p>PROGRAMME PR\u00c9VISIONNEL Accueil des joueurs pour les formalit\u00e9s administratives Mercredi 17 juillet 2024 JEUDI 18 juillet 2024 vendredi 19 juillet 2024 samedi 20 juillet 2024 DIMANCHE 21 juillet 2024 ENTRY LIST BT 2000 &amp; BT500 (Samedi et dimanche) BT 100 Jeunes (vendredi) BT 200 Mixte &amp; BT 100 Mixte (vendredi) BT 250 double seniors messieurs(samedi [&hellip;]<\/p>\n","protected":false},"author":1,"featured_media":0,"parent":0,"menu_order":0,"comment_status":"closed","ping_status":"closed","template":"","meta":{"footnotes":""},"class_list":["post-486","page","type-page","status-publish","hentry"],"_links":{"self":[{"href":"https:\/\/breizhbeachtennis.com\/index.php\/wp-json\/wp\/v2\/pages\/486","targetHints":{"allow":["GET"]}}],"collection":[{"href":"https:\/\/breizhbeachtennis.com\/index.php\/wp-json\/wp\/v2\/pages"}],"about":[{"href":"https:\/\/breizhbeachtennis.com\/index.php\/wp-json\/wp\/v2\/types\/page"}],"author":[{"embeddable":true,"href":"https:\/\/breizhbeachtennis.com\/index.php\/wp-json\/wp\/v2\/users\/1"}],"replies":[{"embeddable":true,"href":"https:\/\/breizhbeachtennis.com\/index.php\/wp-json\/wp\/v2\/comments?post=486"}],"version-history":[{"count":5,"href":"https:\/\/breizhbeachtennis.com\/index.php\/wp-json\/wp\/v2\/pages\/486\/revisions"}],"predecessor-version":[{"id":497,"href":"https:\/\/breizhbeachtennis.com\/index.php\/wp-json\/wp\/v2\/pages\/486\/revisions\/497"}],"wp:attachment":[{"href":"https:\/\/breizhbeachtennis.com\/index.php\/wp-json\/wp\/v2\/media?parent=486"}],"curies":[{"name":"wp","href":"https:\/\/api.w.org\/{rel}","templated":true}]}}