{"id":371,"date":"2024-07-01T20:13:24","date_gmt":"2024-07-01T18:13:24","guid":{"rendered":"https:\/\/breizhbeachtennis.com\/?page_id=371"},"modified":"2024-07-02T03:13:55","modified_gmt":"2024-07-02T01:13:55","slug":"edition-2023","status":"publish","type":"page","link":"https:\/\/breizhbeachtennis.com\/index.php\/edition-2023\/","title":{"rendered":"Edition 2023"},"content":{"rendered":"\n<figure class=\"wp-block-image aligncenter size-full\"><img loading=\"lazy\" decoding=\"async\" width=\"479\" height=\"683\" src=\"https:\/\/breizhbeachtennis.com\/wp-content\/uploads\/2024\/07\/image.png\" alt=\"\" class=\"wp-image-374\" srcset=\"https:\/\/breizhbeachtennis.com\/wp-content\/uploads\/2024\/07\/image.png 479w, https:\/\/breizhbeachtennis.com\/wp-content\/uploads\/2024\/07\/image-210x300.png 210w\" sizes=\"auto, (max-width: 479px) 100vw, 479px\" \/><\/figure>\n\n\n\n<figure class=\"wp-block-gallery has-nested-images columns-default is-cropped wp-block-gallery-1 is-layout-flex wp-block-gallery-is-layout-flex\">\n<figure class=\"wp-block-image size-large\"><img loading=\"lazy\" decoding=\"async\" width=\"1000\" height=\"563\" data-id=\"368\" src=\"https:\/\/breizhbeachtennis.com\/wp-content\/uploads\/2023\/07\/Dinard_SaveTheDate3_v2.jpg\" alt=\"\" class=\"wp-image-368\" srcset=\"https:\/\/breizhbeachtennis.com\/wp-content\/uploads\/2023\/07\/Dinard_SaveTheDate3_v2.jpg 1000w, https:\/\/breizhbeachtennis.com\/wp-content\/uploads\/2023\/07\/Dinard_SaveTheDate3_v2-300x169.jpg 300w, https:\/\/breizhbeachtennis.com\/wp-content\/uploads\/2023\/07\/Dinard_SaveTheDate3_v2-768x432.jpg 768w\" sizes=\"auto, (max-width: 1000px) 100vw, 1000px\" \/><\/figure>\n<\/figure>\n\n\n\n<figure class=\"wp-block-gallery has-nested-images columns-default is-cropped wp-block-gallery-2 is-layout-flex wp-block-gallery-is-layout-flex\">\n<figure class=\"wp-block-image size-large\"><img loading=\"lazy\" decoding=\"async\" width=\"1024\" height=\"576\" data-id=\"179\" src=\"https:\/\/breizhbeachtennis.com\/wp-content\/uploads\/2023\/05\/Dinard_SaveTheDate2-1024x576.jpg\" alt=\"\" class=\"wp-image-179\" srcset=\"https:\/\/breizhbeachtennis.com\/wp-content\/uploads\/2023\/05\/Dinard_SaveTheDate2-1024x576.jpg 1024w, https:\/\/breizhbeachtennis.com\/wp-content\/uploads\/2023\/05\/Dinard_SaveTheDate2-300x169.jpg 300w, https:\/\/breizhbeachtennis.com\/wp-content\/uploads\/2023\/05\/Dinard_SaveTheDate2-768x432.jpg 768w, https:\/\/breizhbeachtennis.com\/wp-content\/uploads\/2023\/05\/Dinard_SaveTheDate2-1536x864.jpg 1536w, https:\/\/breizhbeachtennis.com\/wp-content\/uploads\/2023\/05\/Dinard_SaveTheDate2-2048x1152.jpg 2048w\" sizes=\"auto, (max-width: 1024px) 100vw, 1024px\" \/><\/figure>\n\n\n\n<figure class=\"wp-block-image size-large\"><img loading=\"lazy\" decoding=\"async\" width=\"1024\" height=\"576\" data-id=\"194\" src=\"https:\/\/breizhbeachtennis.com\/wp-content\/uploads\/2023\/06\/Dinard_SaveTheDate-1024x576.jpg\" alt=\"\" class=\"wp-image-194\" srcset=\"https:\/\/breizhbeachtennis.com\/wp-content\/uploads\/2023\/06\/Dinard_SaveTheDate-1024x576.jpg 1024w, https:\/\/breizhbeachtennis.com\/wp-content\/uploads\/2023\/06\/Dinard_SaveTheDate-300x169.jpg 300w, https:\/\/breizhbeachtennis.com\/wp-content\/uploads\/2023\/06\/Dinard_SaveTheDate-768x432.jpg 768w, https:\/\/breizhbeachtennis.com\/wp-content\/uploads\/2023\/06\/Dinard_SaveTheDate-1536x864.jpg 1536w, https:\/\/breizhbeachtennis.com\/wp-content\/uploads\/2023\/06\/Dinard_SaveTheDate-2048x1152.jpg 2048w\" sizes=\"auto, (max-width: 1024px) 100vw, 1024px\" \/><\/figure>\n<\/figure>\n\n\n\n<h4 class=\"wp-block-heading\"><strong>ENTRY LIST<\/strong><\/h4>\n\n\n\n<h5 class=\"wp-block-heading has-text-align-center\"><strong>BT 2000<\/strong><\/h5>\n\n\n\n<figure class=\"wp-block-image size-full\"><a href=\"https:\/\/breizhbeachtennis.com\/wp-content\/uploads\/2023\/07\/SBTT2023_Dinard_EntryList_BT2000_DM_20230716.pdf\" target=\"_blank\" rel=\"noreferrer noopener\"><img loading=\"lazy\" decoding=\"async\" width=\"1001\" height=\"697\" src=\"https:\/\/breizhbeachtennis.com\/wp-content\/uploads\/2023\/07\/SBTT2023_Dinard_EntryList_BT2000_DM_20230716.png\" alt=\"\" class=\"wp-image-338\" srcset=\"https:\/\/breizhbeachtennis.com\/wp-content\/uploads\/2023\/07\/SBTT2023_Dinard_EntryList_BT2000_DM_20230716.png 1001w, https:\/\/breizhbeachtennis.com\/wp-content\/uploads\/2023\/07\/SBTT2023_Dinard_EntryList_BT2000_DM_20230716-300x209.png 300w, https:\/\/breizhbeachtennis.com\/wp-content\/uploads\/2023\/07\/SBTT2023_Dinard_EntryList_BT2000_DM_20230716-768x535.png 768w\" sizes=\"auto, (max-width: 1001px) 100vw, 1001px\" \/><\/a><\/figure>\n\n\n\n<figure class=\"wp-block-image size-full\"><a href=\"https:\/\/breizhbeachtennis.com\/wp-content\/uploads\/2023\/07\/SBTT2023_Dinard_EntryList_BT2000_DD_20230716.pdf\" target=\"_blank\" rel=\"noreferrer noopener\"><img loading=\"lazy\" decoding=\"async\" width=\"990\" height=\"696\" src=\"https:\/\/breizhbeachtennis.com\/wp-content\/uploads\/2023\/07\/SBTT2023_Dinard_EntryList_BT2000_DD_20230716.png\" alt=\"\" class=\"wp-image-348\" srcset=\"https:\/\/breizhbeachtennis.com\/wp-content\/uploads\/2023\/07\/SBTT2023_Dinard_EntryList_BT2000_DD_20230716.png 990w, https:\/\/breizhbeachtennis.com\/wp-content\/uploads\/2023\/07\/SBTT2023_Dinard_EntryList_BT2000_DD_20230716-300x211.png 300w, https:\/\/breizhbeachtennis.com\/wp-content\/uploads\/2023\/07\/SBTT2023_Dinard_EntryList_BT2000_DD_20230716-768x540.png 768w\" sizes=\"auto, (max-width: 990px) 100vw, 990px\" \/><\/a><\/figure>\n\n\n\n<h5 class=\"wp-block-heading has-text-align-center\"><strong>BT 250<\/strong><\/h5>\n\n\n\n<figure class=\"wp-block-image size-full\"><a href=\"https:\/\/breizhbeachtennis.com\/wp-content\/uploads\/2023\/07\/SBTT2023_Dinard_EntryList_BT250_DM_20230716.pdf\" target=\"_blank\" rel=\"noreferrer noopener\"><img loading=\"lazy\" decoding=\"async\" width=\"996\" height=\"676\" src=\"https:\/\/breizhbeachtennis.com\/wp-content\/uploads\/2023\/07\/SBTT2023_Dinard_EntryList_BT250_DM_20230716.png\" alt=\"\" class=\"wp-image-349\" srcset=\"https:\/\/breizhbeachtennis.com\/wp-content\/uploads\/2023\/07\/SBTT2023_Dinard_EntryList_BT250_DM_20230716.png 996w, https:\/\/breizhbeachtennis.com\/wp-content\/uploads\/2023\/07\/SBTT2023_Dinard_EntryList_BT250_DM_20230716-300x204.png 300w, https:\/\/breizhbeachtennis.com\/wp-content\/uploads\/2023\/07\/SBTT2023_Dinard_EntryList_BT250_DM_20230716-768x521.png 768w\" sizes=\"auto, (max-width: 996px) 100vw, 996px\" \/><\/a><\/figure>\n\n\n\n<figure class=\"wp-block-image size-full\"><a href=\"https:\/\/breizhbeachtennis.com\/wp-content\/uploads\/2023\/07\/SBTT2023_Dinard_EntryList_BT250_DD_20230716.pdf\" target=\"_blank\" rel=\"noreferrer noopener\"><img loading=\"lazy\" decoding=\"async\" width=\"1003\" height=\"630\" src=\"https:\/\/breizhbeachtennis.com\/wp-content\/uploads\/2023\/07\/SBTT2023_Dinard_EntryList_BT250_DD_20230716.png\" alt=\"\" class=\"wp-image-351\" srcset=\"https:\/\/breizhbeachtennis.com\/wp-content\/uploads\/2023\/07\/SBTT2023_Dinard_EntryList_BT250_DD_20230716.png 1003w, https:\/\/breizhbeachtennis.com\/wp-content\/uploads\/2023\/07\/SBTT2023_Dinard_EntryList_BT250_DD_20230716-300x188.png 300w, https:\/\/breizhbeachtennis.com\/wp-content\/uploads\/2023\/07\/SBTT2023_Dinard_EntryList_BT250_DD_20230716-768x482.png 768w\" sizes=\"auto, (max-width: 1003px) 100vw, 1003px\" \/><\/a><\/figure>\n\n\n\n<h5 class=\"wp-block-heading has-text-align-center\"><strong>BT 100 Jeunes<\/strong><\/h5>\n\n\n\n<figure class=\"wp-block-image size-full\"><a href=\"https:\/\/breizhbeachtennis.com\/wp-content\/uploads\/2023\/07\/SBTT2023_Dinard_EntryList_BT100_JEUNES_20230716.pdf\" target=\"_blank\" rel=\"noreferrer noopener\"><img loading=\"lazy\" decoding=\"async\" width=\"992\" height=\"680\" src=\"https:\/\/breizhbeachtennis.com\/wp-content\/uploads\/2023\/07\/SBTT2023_Dinard_EntryList_BT100_JEUNES_20230716.png\" alt=\"\" class=\"wp-image-352\" srcset=\"https:\/\/breizhbeachtennis.com\/wp-content\/uploads\/2023\/07\/SBTT2023_Dinard_EntryList_BT100_JEUNES_20230716.png 992w, https:\/\/breizhbeachtennis.com\/wp-content\/uploads\/2023\/07\/SBTT2023_Dinard_EntryList_BT100_JEUNES_20230716-300x206.png 300w, https:\/\/breizhbeachtennis.com\/wp-content\/uploads\/2023\/07\/SBTT2023_Dinard_EntryList_BT100_JEUNES_20230716-768x526.png 768w\" sizes=\"auto, (max-width: 992px) 100vw, 992px\" \/><\/a><\/figure>\n\n\n\n<h5 class=\"wp-block-heading has-text-align-center\"><strong>BT 200 Mixte<\/strong><\/h5>\n\n\n\n<figure class=\"wp-block-image size-full\"><a href=\"https:\/\/breizhbeachtennis.com\/wp-content\/uploads\/2023\/07\/SBTT2023_Dinard_EntryList_BT200_DX_20230716.pdf\" target=\"_blank\" rel=\"noreferrer noopener\"><img loading=\"lazy\" decoding=\"async\" width=\"985\" height=\"698\" src=\"https:\/\/breizhbeachtennis.com\/wp-content\/uploads\/2023\/07\/SBTT2023_Dinard_EntryList_BT200_DX_20230716.png\" alt=\"\" class=\"wp-image-353\" srcset=\"https:\/\/breizhbeachtennis.com\/wp-content\/uploads\/2023\/07\/SBTT2023_Dinard_EntryList_BT200_DX_20230716.png 985w, https:\/\/breizhbeachtennis.com\/wp-content\/uploads\/2023\/07\/SBTT2023_Dinard_EntryList_BT200_DX_20230716-300x213.png 300w, https:\/\/breizhbeachtennis.com\/wp-content\/uploads\/2023\/07\/SBTT2023_Dinard_EntryList_BT200_DX_20230716-768x544.png 768w\" sizes=\"auto, (max-width: 985px) 100vw, 985px\" \/><\/a><\/figure>\n\n\n\n<h4 class=\"wp-block-heading\"><strong>PROGRAMME PR\u00c9VISIONNEL<\/strong><\/h4>\n\n\n\n<h5 class=\"wp-block-heading\">Mercredi 19 juillet 2023<\/h5>\n\n\n\n<ul class=\"wp-block-list\">\n<li>Montage du site de la plage de l&rsquo;Ecluse<\/li>\n<\/ul>\n\n\n\n<h5 class=\"wp-block-heading\"><strong>JEUDI 20 juillet 2023<\/strong><\/h5>\n\n\n\n<ul class=\"wp-block-list\">\n<li>10H &#8211; 19H<br>Journ\u00e9e d\u00e9couverte (ouvert \u00e0 tous, gratuit)<br><\/li>\n\n\n\n<li>14H &#8211; 17H30<br>Tournoi des vacanciers (ouvert \u00e0 tous, gratuit)<br><\/li>\n\n\n\n<li>16H &#8211; 19H <br>Ouverture de l&rsquo;accueil des joueurs pour les formalit\u00e9s administratives<br>Tirage au sort des tableaux<br><\/li>\n\n\n\n<li>19H30<br>Pot d&rsquo;accueil des joueurs au SUNSET BAR<\/li>\n<\/ul>\n\n\n\n<h5 class=\"wp-block-heading\">vendredi 21 juillet 2023<\/h5>\n\n\n\n<ul class=\"wp-block-list\">\n<li>8H &#8211; 19H<br>BT2000 messieurs et dames (qualifications et 1re journ\u00e9e)<br>BT100 jeunes (U18 et U14, gar\u00e7ons et filles) + remise des prix<br>Animations (ouvert \u00e0 tous, gratuit)<br><\/li>\n\n\n\n<li>20H &#8211; MINUIT <br>Soir\u00e9e officielle des joueurs (+ partenaires) au CENT 80<\/li>\n<\/ul>\n\n\n\n<h5 class=\"wp-block-heading\"><strong>samedi 22 juillet 2023<\/strong><\/h5>\n\n\n\n<ul class=\"wp-block-list\">\n<li>8H &#8211; 19H<br>BT2000 messieurs et dames (2e journ\u00e9e) + remise des prix<br>BT250 messieurs et dames + BT200 mixte (1re journ\u00e9e)<br>Animations (ouvert \u00e0 tous, gratuit)<br><\/li>\n\n\n\n<li>20H<br>Soir\u00e9e off<\/li>\n<\/ul>\n\n\n\n<h5 class=\"wp-block-heading\">DIMANCHE 23 juillet 2023<\/h5>\n\n\n\n<ul class=\"wp-block-list\">\n<li>8H &#8211; 17H30<br>BT250 messieurs et dames + BT200 mixte (2e journ\u00e9e) + remise des prix<br>Animations (ouvert \u00e0 tous, gratuit)<br><\/li>\n\n\n\n<li>A partir de 18H<br>D\u00e9montage du site de la plage de l&rsquo;Ecluse<\/li>\n<\/ul>\n","protected":false},"excerpt":{"rendered":"<p>ENTRY LIST BT 2000 BT 250 BT 100 Jeunes BT 200 Mixte PROGRAMME PR\u00c9VISIONNEL Mercredi 19 juillet 2023 JEUDI 20 juillet 2023 vendredi 21 juillet 2023 samedi 22 juillet 2023 DIMANCHE 23 juillet 2023<\/p>\n","protected":false},"author":1,"featured_media":0,"parent":0,"menu_order":0,"comment_status":"closed","ping_status":"closed","template":"","meta":{"footnotes":""},"class_list":["post-371","page","type-page","status-publish","hentry"],"_links":{"self":[{"href":"https:\/\/breizhbeachtennis.com\/index.php\/wp-json\/wp\/v2\/pages\/371","targetHints":{"allow":["GET"]}}],"collection":[{"href":"https:\/\/breizhbeachtennis.com\/index.php\/wp-json\/wp\/v2\/pages"}],"about":[{"href":"https:\/\/breizhbeachtennis.com\/index.php\/wp-json\/wp\/v2\/types\/page"}],"author":[{"embeddable":true,"href":"https:\/\/breizhbeachtennis.com\/index.php\/wp-json\/wp\/v2\/users\/1"}],"replies":[{"embeddable":true,"href":"https:\/\/breizhbeachtennis.com\/index.php\/wp-json\/wp\/v2\/comments?post=371"}],"version-history":[{"count":7,"href":"https:\/\/breizhbeachtennis.com\/index.php\/wp-json\/wp\/v2\/pages\/371\/revisions"}],"predecessor-version":[{"id":398,"href":"https:\/\/breizhbeachtennis.com\/index.php\/wp-json\/wp\/v2\/pages\/371\/revisions\/398"}],"wp:attachment":[{"href":"https:\/\/breizhbeachtennis.com\/index.php\/wp-json\/wp\/v2\/media?parent=371"}],"curies":[{"name":"wp","href":"https:\/\/api.w.org\/{rel}","templated":true}]}}