{"id":132,"date":"2023-07-16T16:47:45","date_gmt":"2023-07-16T14:47:45","guid":{"rendered":"http:\/\/breizhbeachtennis.com\/?page_id=132"},"modified":"2025-06-09T17:17:10","modified_gmt":"2025-06-09T15:17:10","slug":"programme-previsionnel","status":"publish","type":"page","link":"https:\/\/breizhbeachtennis.com\/index.php\/programme-previsionnel\/","title":{"rendered":"Programme pr\u00e9visionnel"},"content":{"rendered":"\n<h5 class=\"wp-block-heading has-vivid-red-color has-text-color has-link-color wp-elements-cf95ce7975010fe75b8e1219dd49478a\">Accueil des joueurs pour les formalit\u00e9s administratives<\/h5>\n\n\n\n<ul class=\"wp-block-list\">\n<li>Quand? -&gt; la veille de votre \u00e9preuve de 17h \u00e0 19h ou le jour m\u00eame de votre \u00e9preuve de 8h \u00e0 10h<\/li>\n\n\n\n<li>O\u00f9? -&gt; \u00e0 la tente accueil de la zone de comp\u00e9tition<\/li>\n<\/ul>\n\n\n\n<h5 class=\"wp-block-heading has-background-color has-text-color has-link-color wp-elements-7f3e28ad2f36f3e34fad8c12d0a8c84f\">MARDI 15 juillet 2025<\/h5>\n\n\n\n<ul class=\"wp-block-list\">\n<li>Montage du site de la plage de l&rsquo;Ecluse<\/li>\n<\/ul>\n\n\n\n<h5 class=\"wp-block-heading has-background-color has-text-color has-link-color wp-elements-3e6671ab7d8310bef299db9b045e2ebd\"><strong>MERCREDI 16 juillet 2025<\/strong><\/h5>\n\n\n\n<ul class=\"wp-block-list\">\n<li><mark style=\"background-color:rgba(0, 0, 0, 0);color:#ffef73\" class=\"has-inline-color\"><strong>Zone Comp\u00e9tition<\/strong><br>10H &#8211; 14H : D\u00e9couverte (ouvert \u00e0 tous, gratuit)<br>14H &#8211; 17H30 : Tournoi des vacanciers (ouvert \u00e0 tous, gratuit)<br>17h30 : Remise des prix du tournoi des vacanciers + match exhibition<br>Tirage du tableau BT 100 jeunes<\/mark><br><\/li>\n\n\n\n<li><mark style=\"background-color:rgba(0, 0, 0, 0);color:#57d3f9\" class=\"has-inline-color\"><strong>Zone Animation<\/strong><br>9H &#8211; 19H : Animations (ouvert \u00e0 tous, gratuit)<\/mark><br><\/li>\n\n\n\n<li>A partir de 19H : Pot d&rsquo;accueil des joueurs sur site<\/li>\n<\/ul>\n\n\n\n<h5 class=\"wp-block-heading has-background-color has-text-color has-link-color wp-elements-68103731968d3f9e0f03ebbf12792d6a\">JEUDI 17 juillet 2025<\/h5>\n\n\n\n<ul class=\"wp-block-list\">\n<li><mark style=\"background-color:rgba(0, 0, 0, 0);color:#ffef73\" class=\"has-inline-color\"><strong>Zone Comp\u00e9tition<\/strong><br>8H &#8211; 18H : BT 100 jeunes (U18 et U14, gar\u00e7ons et filles)<br>8H &#8211; 18H : BT 200 mixte<br>18H : Remise des prix BT 100 jeunes et BT 200 mixte<br>Tirage des tableaux BT 2000 et BT 500<\/mark><br><\/li>\n\n\n\n<li><mark style=\"background-color:rgba(0, 0, 0, 0);color:#57d3f9\" class=\"has-inline-color\"><strong>Zone Animation<\/strong><br>8H &#8211; 18H : BT 100 mixte<\/mark><br><mark style=\"background-color:rgba(0, 0, 0, 0);color:#57d3f9\" class=\"has-inline-color\">9H &#8211; 19H : Animations (ouvert \u00e0 tous, gratuit)<br>18H : Remise des prix BT 100 mixte<\/mark><br><\/li>\n\n\n\n<li>A partir de 19H : Pot d&rsquo;accueil des joueurs sur site<br><\/li>\n<\/ul>\n\n\n\n<h5 class=\"wp-block-heading has-background-color has-text-color has-link-color wp-elements-fdfe52c9ebed0de50d62d6284f5409e4\"><strong>VENDREDI 18 juillet 202<\/strong>5<\/h5>\n\n\n\n<ul class=\"wp-block-list\">\n<li><mark style=\"background-color:rgba(0, 0, 0, 0);color:#ffef73\" class=\"has-inline-color\"><strong>Zone Comp\u00e9tition<\/strong><br>8H &#8211; 19H : BT 2000 messieurs et dames (1re journ\u00e9e)<br>8H &#8211; 19H : BT 500 messieurs et dames (1re journ\u00e9e)<\/mark><br><\/li>\n\n\n\n<li><mark style=\"background-color:rgba(0, 0, 0, 0);color:#57d3f9\" class=\"has-inline-color\"><strong>Zone Animation<\/strong><br>8H &#8211; 19H : BT 250 messieurs et dames (1re journ\u00e9e)<br>9H &#8211; 19H : Animations (ouvert \u00e0 tous, gratuit)<\/mark><br><\/li>\n\n\n\n<li>20H &#8211; MINUIT : Soir\u00e9e officielle des joueurs (+ partenaires)<\/li>\n<\/ul>\n\n\n\n<h5 class=\"wp-block-heading has-background-color has-text-color has-link-color wp-elements-c4bf9940c9fd0f5d3af75fb75f4bc1c8\">SAMEDI 19 juillet 2025<\/h5>\n\n\n\n<ul class=\"wp-block-list\">\n<li><mark style=\"background-color:rgba(0, 0, 0, 0);color:#ffef73\" class=\"has-inline-color\"><strong>Zone Comp\u00e9tition<\/strong><br>8H &#8211; 17H30 : BT 2000 messieurs et dames (2e journ\u00e9e)<br>8H &#8211; 17h30 : BT 500 messieurs et dames (2e journ\u00e9e)<br>17h30 : Remise des prix BT 2000, BT 500 et BT 250<br><\/mark><\/li>\n\n\n\n<li><mark style=\"background-color:rgba(0, 0, 0, 0);color:#57d3f9\" class=\"has-inline-color\"><strong>Zone Animation<\/strong><br>8H &#8211; 13H : BT 250 messieurs et dames (2e journ\u00e9e)<br>9H &#8211; 17H30 : Animations (ouvert \u00e0 tous, gratuit)<\/mark><br><\/li>\n\n\n\n<li>A partir de 18H : D\u00e9montage du site de la plage de l&rsquo;Ecluse<\/li>\n<\/ul>\n","protected":false},"excerpt":{"rendered":"<p>Accueil des joueurs pour les formalit\u00e9s administratives MARDI 15 juillet 2025 MERCREDI 16 juillet 2025 JEUDI 17 juillet 2025 VENDREDI 18 juillet 2025 SAMEDI 19 juillet 2025<\/p>\n","protected":false},"author":1,"featured_media":0,"parent":0,"menu_order":0,"comment_status":"closed","ping_status":"closed","template":"","meta":{"footnotes":""},"class_list":["post-132","page","type-page","status-publish","hentry"],"_links":{"self":[{"href":"https:\/\/breizhbeachtennis.com\/index.php\/wp-json\/wp\/v2\/pages\/132","targetHints":{"allow":["GET"]}}],"collection":[{"href":"https:\/\/breizhbeachtennis.com\/index.php\/wp-json\/wp\/v2\/pages"}],"about":[{"href":"https:\/\/breizhbeachtennis.com\/index.php\/wp-json\/wp\/v2\/types\/page"}],"author":[{"embeddable":true,"href":"https:\/\/breizhbeachtennis.com\/index.php\/wp-json\/wp\/v2\/users\/1"}],"replies":[{"embeddable":true,"href":"https:\/\/breizhbeachtennis.com\/index.php\/wp-json\/wp\/v2\/comments?post=132"}],"version-history":[{"count":12,"href":"https:\/\/breizhbeachtennis.com\/index.php\/wp-json\/wp\/v2\/pages\/132\/revisions"}],"predecessor-version":[{"id":492,"href":"https:\/\/breizhbeachtennis.com\/index.php\/wp-json\/wp\/v2\/pages\/132\/revisions\/492"}],"wp:attachment":[{"href":"https:\/\/breizhbeachtennis.com\/index.php\/wp-json\/wp\/v2\/media?parent=132"}],"curies":[{"name":"wp","href":"https:\/\/api.w.org\/{rel}","templated":true}]}}